{"id":102,"date":"2023-12-26T17:09:42","date_gmt":"2023-12-26T17:09:42","guid":{"rendered":"https:\/\/luxurystones.com.mx\/?page_id=102"},"modified":"2024-03-13T21:19:59","modified_gmt":"2024-03-13T21:19:59","slug":"galerias","status":"publish","type":"page","link":"https:\/\/luxurystones.com.mx\/en\/galerias\/","title":{"rendered":"Galleries"},"content":{"rendered":"<p>[et_pb_section fb_built=\u00bb1&#8243; _builder_version=\u00bb4.23.2&#8243; _module_preset=\u00bbdefault\u00bb custom_padding=\u00bb0px|||||\u00bb global_colors_info=\u00bb{}\u00bb][et_pb_row column_structure=\u00bb1_4,3_4&#8243; _builder_version=\u00bb4.23.2&#8243; _module_preset=\u00bbdefault\u00bb custom_padding=\u00bb||0px|||\u00bb global_colors_info=\u00bb{}\u00bb][et_pb_column type=\u00bb1_4&#8243; _builder_version=\u00bb4.23.2&#8243; _module_preset=\u00bbdefault\u00bb global_colors_info=\u00bb{}\u00bb][et_pb_image src=\u00bbhttp:\/\/luxurystones.com.mx\/wp-content\/uploads\/2023\/12\/logo-300&#215;200.png\u00bb title_text=\u00bblogo\u00bb align=\u00bbcenter\u00bb _builder_version=\u00bb4.23.2&#8243; _module_preset=\u00bbdefault\u00bb custom_margin=\u00bb||-13px|||\u00bb custom_padding=\u00bb||35px|||\u00bb global_colors_info=\u00bb{}\u00bb][\/et_pb_image][\/et_pb_column][et_pb_column type=\u00bb3_4&#8243; _builder_version=\u00bb4.23.2&#8243; _module_preset=\u00bbdefault\u00bb global_colors_info=\u00bb{}\u00bb][et_pb_image src=\u00bbhttp:\/\/luxurystones.com.mx\/wp-content\/uploads\/2023\/12\/Sin-titulo-1.png\u00bb title_text=\u00bbSin t\u00edtulo-1&#8243; _builder_version=\u00bb4.23.2&#8243; _module_preset=\u00bbdefault\u00bb width=\u00bb80%\u00bb max_width=\u00bb80%\u00bb custom_margin=\u00bb|||54px||\u00bb custom_padding=\u00bb20px|||||\u00bb global_colors_info=\u00bb{}\u00bb][\/et_pb_image][\/et_pb_column][\/et_pb_row][et_pb_row _builder_version=\u00bb4.23.2&#8243; _module_preset=\u00bbdefault\u00bb custom_padding=\u00bb7px|||||\u00bb global_colors_info=\u00bb{}\u00bb][et_pb_column type=\u00bb4_4&#8243; _builder_version=\u00bb4.23.2&#8243; _module_preset=\u00bbdefault\u00bb global_colors_info=\u00bb{}\u00bb][et_pb_heading title=\u00bbCocinas\u00bb _builder_version=\u00bb4.23.2&#8243; _module_preset=\u00bbdefault\u00bb custom_margin=\u00bb||-1px|||\u00bb global_colors_info=\u00bb{}\u00bb][\/et_pb_heading][et_pb_text _builder_version=\u00bb4.23.4&#8243; _module_preset=\u00bbdefault\u00bb custom_margin=\u00bb||14px|||\u00bb global_colors_info=\u00bb{}\u00bb]<\/p>\n<p>Con Luxury Stones Descubra el lujo y la exclusividad de nuestras cocinas construidas con piedras preciosas. Dise\u00f1os \u00fanicos llenos de elegancia y profesionalismo que transformar\u00e1n su espacio en una obra de arte. \u00a1Visite http:\/\/luxurystones.com.mx y d\u00e9jenos hacer realidad sus sue\u00f1os! #CocinasPreciosas #Dise\u00f1osExclusivos<\/p>\n<p>[\/et_pb_text][et_pb_gallery gallery_ids=\u00bb419,420,407,412,358,352,353,351,354,355,356,357,359,408,409,410,411,413,414,415,416,417,418,421&#8243; orientation=\u00bbportrait\u00bb show_title_and_caption=\u00bboff\u00bb zoom_icon_color=\u00bb#000000&#8243; hover_icon=\u00bb&#x30;||divi||400&#8243; _builder_version=\u00bb4.24.2&#8243; _module_preset=\u00bbdefault\u00bb min_height=\u00bb374px\u00bb custom_margin=\u00bb||-9px|||\u00bb custom_padding=\u00bb||0px|||\u00bb hover_enabled=\u00bb0&#8243; global_colors_info=\u00bb{}\u00bb sticky_enabled=\u00bb0&#8243;][\/et_pb_gallery][et_pb_heading title=\u00bbBa\u00f1os \u00bb _builder_version=\u00bb4.23.2&#8243; _module_preset=\u00bbdefault\u00bb custom_margin=\u00bb-41px|||||\u00bb global_colors_info=\u00bb{}\u00bb][\/et_pb_heading][et_pb_text _builder_version=\u00bb4.23.2&#8243; _module_preset=\u00bbdefault\u00bb custom_margin=\u00bb-26px||47px|||\u00bb global_colors_info=\u00bb{}\u00bb]Descubra el lujo y la exclusividad de nuestros ba\u00f1os construidos con piedras preciosas. Dise\u00f1os \u00fanicos llenos de elegancia y profesionalismo que convertir\u00e1n su espacio en una joya invaluable. \u00a1Visite http:\/\/luxurystones.com.mx y descubra el esplendor en cada detalle! #Ba\u00f1osPreciosos #Dise\u00f1osExclusivos[\/et_pb_text][et_pb_gallery gallery_ids=\u00bb398,396,401,403,364,365,366,367,368,369,370,371,372,373,375,400,376,377,378,397,399,402&#8243; orientation=\u00bbportrait\u00bb show_title_and_caption=\u00bboff\u00bb zoom_icon_color=\u00bb#000000&#8243; hover_icon=\u00bb&#x30;||divi||400&#8243; _builder_version=\u00bb4.24.2&#8243; _module_preset=\u00bbdefault\u00bb custom_margin=\u00bb-26px|||||\u00bb custom_padding=\u00bb||0px|||\u00bb global_colors_info=\u00bb{}\u00bb][\/et_pb_gallery][et_pb_heading title=\u00bbEscaleras\u00bb _builder_version=\u00bb4.23.2&#8243; _module_preset=\u00bbdefault\u00bb custom_margin=\u00bb-41px|||||\u00bb global_colors_info=\u00bb{}\u00bb][\/et_pb_heading][et_pb_text _builder_version=\u00bb4.23.2&#8243; _module_preset=\u00bbdefault\u00bb custom_margin=\u00bb-29px||19px|||\u00bb global_colors_info=\u00bb{}\u00bb]Descubra la majestuosidad de las escaleras construidas con piedras preciosas. Dise\u00f1os \u00fanicos que exudan elegancia y seguridad, brindando un toque de profesionalismo inigualable. En Luxury Stones, transformamos cada escalera en una obra de arte. \u00a1Visite http:\/\/luxurystones.com.mx y d\u00e9jese maravillar! #EscalerasPreciosas #Dise\u00f1osExclusivos[\/et_pb_text][et_pb_gallery gallery_ids=\u00bb425,384,426,380,381,382,383,385,386,387,388,423,424&#8243; orientation=\u00bbportrait\u00bb show_title_and_caption=\u00bboff\u00bb zoom_icon_color=\u00bb#000000&#8243; hover_icon=\u00bb&#x30;||divi||400&#8243; _builder_version=\u00bb4.24.2&#8243; _module_preset=\u00bbdefault\u00bb custom_padding=\u00bb||0px|||\u00bb hover_enabled=\u00bb0&#8243; global_colors_info=\u00bb{}\u00bb sticky_enabled=\u00bb0&#8243;][\/et_pb_gallery][et_pb_heading title=\u00bbAlbercas\u00bb _builder_version=\u00bb4.23.2&#8243; _module_preset=\u00bbdefault\u00bb custom_margin=\u00bb-41px||8px|||\u00bb global_colors_info=\u00bb{}\u00bb][\/et_pb_heading][et_pb_gallery gallery_ids=\u00bb145,429,432,150,146,147,431,152,153,428,155,154,427&#8243; orientation=\u00bbportrait\u00bb show_title_and_caption=\u00bboff\u00bb zoom_icon_color=\u00bb#000000&#8243; hover_icon=\u00bb&#x30;||divi||400&#8243; _builder_version=\u00bb4.24.2&#8243; _module_preset=\u00bbdefault\u00bb custom_padding=\u00bb||0px|||\u00bb hover_enabled=\u00bb0&#8243; global_colors_info=\u00bb{}\u00bb sticky_enabled=\u00bb0&#8243;][\/et_pb_gallery][et_pb_heading title=\u00bbProyectos recientes\u00bb _builder_version=\u00bb4.23.2&#8243; _module_preset=\u00bbdefault\u00bb custom_margin=\u00bb-41px||4px|||\u00bb global_colors_info=\u00bb{}\u00bb][\/et_pb_heading][et_pb_gallery gallery_ids=\u00bb158,434,166,440,439,160,173,161,162,159,164,165,435,167,172,174,176,175,170,178,163,436,437,438&#8243; orientation=\u00bbportrait\u00bb show_title_and_caption=\u00bboff\u00bb zoom_icon_color=\u00bb#000000&#8243; hover_icon=\u00bb&#x30;||divi||400&#8243; _builder_version=\u00bb4.24.2&#8243; _module_preset=\u00bbdefault\u00bb custom_padding=\u00bb||0px|||\u00bb hover_enabled=\u00bb0&#8243; global_colors_info=\u00bb{}\u00bb sticky_enabled=\u00bb0&#8243;][\/et_pb_gallery][\/et_pb_column][\/et_pb_row][\/et_pb_section]<\/p>","protected":false},"excerpt":{"rendered":"<p>Con Luxury Stones Descubra el lujo y la exclusividad de nuestras cocinas construidas con piedras preciosas. Dise\u00f1os \u00fanicos llenos de elegancia y profesionalismo que transformar\u00e1n su espacio en una obra de arte. \u00a1Visite http:\/\/luxurystones.com.mx y d\u00e9jenos hacer realidad sus sue\u00f1os! #CocinasPreciosas #Dise\u00f1osExclusivosDescubra el lujo y la exclusividad de nuestros ba\u00f1os construidos con piedras preciosas. Dise\u00f1os [&hellip;]<\/p>","protected":false},"author":1,"featured_media":0,"parent":0,"menu_order":0,"comment_status":"closed","ping_status":"closed","template":"","meta":{"_et_pb_use_builder":"on","_et_pb_old_content":"","_et_gb_content_width":"","footnotes":""},"class_list":["post-102","page","type-page","status-publish","hentry"],"aioseo_notices":[],"_links":{"self":[{"href":"https:\/\/luxurystones.com.mx\/en\/wp-json\/wp\/v2\/pages\/102","targetHints":{"allow":["GET"]}}],"collection":[{"href":"https:\/\/luxurystones.com.mx\/en\/wp-json\/wp\/v2\/pages"}],"about":[{"href":"https:\/\/luxurystones.com.mx\/en\/wp-json\/wp\/v2\/types\/page"}],"author":[{"embeddable":true,"href":"https:\/\/luxurystones.com.mx\/en\/wp-json\/wp\/v2\/users\/1"}],"replies":[{"embeddable":true,"href":"https:\/\/luxurystones.com.mx\/en\/wp-json\/wp\/v2\/comments?post=102"}],"version-history":[{"count":18,"href":"https:\/\/luxurystones.com.mx\/en\/wp-json\/wp\/v2\/pages\/102\/revisions"}],"predecessor-version":[{"id":441,"href":"https:\/\/luxurystones.com.mx\/en\/wp-json\/wp\/v2\/pages\/102\/revisions\/441"}],"wp:attachment":[{"href":"https:\/\/luxurystones.com.mx\/en\/wp-json\/wp\/v2\/media?parent=102"}],"curies":[{"name":"wp","href":"https:\/\/api.w.org\/{rel}","templated":true}]}}