{"id":190,"date":"2023-12-26T20:06:31","date_gmt":"2023-12-26T20:06:31","guid":{"rendered":"https:\/\/luxurystones.com.mx\/?page_id=190"},"modified":"2024-01-29T22:36:30","modified_gmt":"2024-01-29T22:36:30","slug":"nosotros","status":"publish","type":"page","link":"https:\/\/luxurystones.com.mx\/en\/nosotros\/","title":{"rendered":"Nosotros"},"content":{"rendered":"<p>[et_pb_section fb_built=\u00bb1&#8243; _builder_version=\u00bb4.23.2&#8243; _module_preset=\u00bbdefault\u00bb custom_padding=\u00bb||8px|||\u00bb global_colors_info=\u00bb{}\u00bb][et_pb_row column_structure=\u00bb2_3,1_3&#8243; _builder_version=\u00bb4.23.2&#8243; _module_preset=\u00bbdefault\u00bb global_colors_info=\u00bb{}\u00bb][et_pb_column type=\u00bb2_3&#8243; _builder_version=\u00bb4.23.2&#8243; _module_preset=\u00bbdefault\u00bb global_colors_info=\u00bb{}\u00bb][et_pb_text _builder_version=\u00bb4.23.2&#8243; _module_preset=\u00bbdefault\u00bb global_colors_info=\u00bb{}\u00bb]<\/p>\n<h3><strong>ABOUT US:<\/strong><\/h3>\n<p>We are experts in covering residences with high quality natural stones. With more than 20 years of experience, we offer a wide catalog of marble, granite, quarry and imported materials such as Caesarstone, silestone and neolith sintered stone. Our highly specialized team guarantees fine finishes and personalized designs that meet established deadlines, to ensure the satisfaction of our clients. Discover excellence and luxury in natural stone cladding<strong>Luxurystones.com.mx<\/strong><\/p>\n<p>[\/et_pb_text][\/et_pb_column][et_pb_column type=\u00bb1_3&#8243; _builder_version=\u00bb4.23.2&#8243; _module_preset=\u00bbdefault\u00bb global_colors_info=\u00bb{}\u00bb][et_pb_image src=\u00bbhttp:\/\/luxurystones.com.mx\/wp-content\/uploads\/2023\/12\/WhatsApp-Image-2023-12-26-at-4.36.09-PM.jpeg\u00bb title_text=\u00bbWhatsApp Image 2023-12-26 at 4.36.09 PM\u00bb _builder_version=\u00bb4.23.3&#8243; _module_preset=\u00bbdefault\u00bb width=\u00bb65%\u00bb max_width=\u00bb65%\u00bb min_height=\u00bb238.7px\u00bb global_colors_info=\u00bb{}\u00bb][\/et_pb_image][\/et_pb_column][\/et_pb_row][et_pb_row column_structure=\u00bb1_3,2_3&#8243; _builder_version=\u00bb4.23.2&#8243; _module_preset=\u00bbdefault\u00bb global_colors_info=\u00bb{}\u00bb][et_pb_column type=\u00bb1_3&#8243; _builder_version=\u00bb4.23.2&#8243; _module_preset=\u00bbdefault\u00bb global_colors_info=\u00bb{}\u00bb][et_pb_image src=\u00bbhttp:\/\/luxurystones.com.mx\/wp-content\/uploads\/2023\/12\/mision.png\u00bb title_text=\u00bbmision\u00bb align=\u00bbcenter\u00bb _builder_version=\u00bb4.23.2&#8243; _module_preset=\u00bbdefault\u00bb width=\u00bb79%\u00bb max_width=\u00bb79%\u00bb global_colors_info=\u00bb{}\u00bb][\/et_pb_image][\/et_pb_column][et_pb_column type=\u00bb2_3&#8243; _builder_version=\u00bb4.23.2&#8243; _module_preset=\u00bbdefault\u00bb global_colors_info=\u00bb{}\u00bb][et_pb_text _builder_version=\u00bb4.23.2&#8243; _module_preset=\u00bbdefault\u00bb global_colors_info=\u00bb{}\u00bb]<\/p>\n<p><strong>MISSION:<\/strong> in <strong>Luxury stones<\/strong>Our mission is to beautify buildings with high quality natural products at an excellent price. With a wide catalog of marble, granite, quarry and imported materials, such as Caesarstone, silestone and neolith sintered stone, we offer residential coverings with fine finishes and personalized designs. Our highly specialized team is committed to meeting established times, guaranteeing the satisfaction of our clients. Discover excellence and luxury in natural stone cladding<strong>Luxurystones.com.mx<\/strong><\/p>\n<p>[\/et_pb_text][\/et_pb_column][\/et_pb_row][et_pb_row column_structure=\u00bb2_3,1_3&#8243; _builder_version=\u00bb4.23.2&#8243; _module_preset=\u00bbdefault\u00bb global_colors_info=\u00bb{}\u00bb][et_pb_column type=\u00bb2_3&#8243; _builder_version=\u00bb4.23.2&#8243; _module_preset=\u00bbdefault\u00bb global_colors_info=\u00bb{}\u00bb][et_pb_text _builder_version=\u00bb4.23.2&#8243; _module_preset=\u00bbdefault\u00bb global_colors_info=\u00bb{}\u00bb]<\/p>\n<p><strong>VISION:<\/strong>\u00a0in <strong>Luxury stones<\/strong> We are proud to be a leading and innovative company in the sector of residential cladding with high quality natural stones. Our highly professional team is committed to providing excellent service, meeting the expectations of our clients. We distinguish ourselves by our responsibility and honesty, guaranteeing fine finishes and personalized designs that reflect luxury and elegance. Our vision is to be recognized for the quality of our service and for exceeding expectations in each project. Trust us to discover the beauty and distinction that only natural stones can offer.<\/p>\n<p>[\/et_pb_text][\/et_pb_column][et_pb_column type=\u00bb1_3&#8243; _builder_version=\u00bb4.23.2&#8243; _module_preset=\u00bbdefault\u00bb global_colors_info=\u00bb{}\u00bb][et_pb_image src=\u00bbhttp:\/\/luxurystones.com.mx\/wp-content\/uploads\/2023\/12\/vision.png\u00bb title_text=\u00bbvision\u00bb _builder_version=\u00bb4.23.2&#8243; _module_preset=\u00bbdefault\u00bb global_colors_info=\u00bb{}\u00bb][\/et_pb_image][\/et_pb_column][\/et_pb_row][et_pb_row _builder_version=\u00bb4.23.2&#8243; _module_preset=\u00bbdefault\u00bb global_colors_info=\u00bb{}\u00bb][et_pb_column type=\u00bb4_4&#8243; _builder_version=\u00bb4.23.2&#8243; _module_preset=\u00bbdefault\u00bb global_colors_info=\u00bb{}\u00bb][et_pb_text _builder_version=\u00bb4.23.2&#8243; _module_preset=\u00bbdefault\u00bb global_colors_info=\u00bb{}\u00bb]<\/p>\n<p><strong>OUR PASSION:<\/strong> in <strong>Luxury Stones<\/strong>We are passionate about transforming your construction into an elegant residence. We have a team specialized in high quality finishes in marble, granite, quarries, slate and Venetian. Thanks to our experience in cladding residences with top quality natural stones, we can guarantee you an excellent service that meets your expectations. We are proud to be a leading and innovative company in the sector, committed to responsibility and honesty. Our fine finishes and custom designs reflect the luxury and elegance you are looking for. Trust us to discover the beauty and distinction that only natural stones can offer.<\/p>\n<p><strong>Services:<\/strong><\/p>\n<p>Discover our extensive catalog of high-quality natural stone coating services! From the installation of floors in different formats to coatings on marble stone facades in personalized formats. We also offer manufacturing of kitchen and bathroom countertops, installation of pool coatings, and maintenance and cleaning of marble, quarry and stone floors. Trust Luxury Stones to transform your construction into an elegant luxury residence. Visit us<\/p>\n<p>[\/et_pb_text][\/et_pb_column][\/et_pb_row][et_pb_row column_structure=\u00bb1_2,1_2&#8243; _builder_version=\u00bb4.23.3&#8243; _module_preset=\u00bbdefault\u00bb global_colors_info=\u00bb{}\u00bb][et_pb_column type=\u00bb1_2&#8243; _builder_version=\u00bb4.23.3&#8243; _module_preset=\u00bbdefault\u00bb global_colors_info=\u00bb{}\u00bb][et_pb_text _builder_version=\u00bb4.23.2&#8243; _module_preset=\u00bbdefault\u00bb global_colors_info=\u00bb{}\u00bb]<\/p>\n<p><strong>Services:<\/strong><\/p>\n<ol>\n<li>Instalaci\u00f3n de Pisos en diferentes formatos<\/li>\n<li>Instalaci\u00f3n de pisos en placa sobre dise\u00f1o<\/li>\n<li>Recubrimiento de ba\u00f1os en formatos que el cliente elija<\/li>\n<li>Fabricaci\u00f3n de cubiertas para cocinas<\/li>\n<li>Fabricaci\u00f3n de cubiertas para ba\u00f1o<\/li>\n<li>Recubrimientos en fachadas de m\u00e1rmol piedra en formatos que el cliente elija<\/li>\n<li>Instalaci\u00f3n de recubrimientos en albercas<\/li>\n<li>Mantenimiento y lavados de pisos m\u00e1rmol cantera piedra ect.<\/li>\n<li>Construcci\u00f3n Remodelaci\u00f3n Reparaci\u00f3n<\/li>\n<\/ol>\n<p>[\/et_pb_text][\/et_pb_column][et_pb_column type=\u00bb1_2&#8243; _builder_version=\u00bb4.23.3&#8243; _module_preset=\u00bbdefault\u00bb global_colors_info=\u00bb{}\u00bb][et_pb_gallery gallery_ids=\u00bb253,234,246,251,252,254,170,236,244&#8243; fullwidth=\u00bbon\u00bb _builder_version=\u00bb4.23.3&#8243; _module_preset=\u00bbdefault\u00bb width=\u00bb50%\u00bb max_width=\u00bb50%\u00bb module_alignment=\u00bbcenter\u00bb global_colors_info=\u00bb{}\u00bb][\/et_pb_gallery][\/et_pb_column][\/et_pb_row][et_pb_row _builder_version=\u00bb4.23.3&#8243; _module_preset=\u00bbdefault\u00bb global_colors_info=\u00bb{}\u00bb][et_pb_column type=\u00bb4_4&#8243; _builder_version=\u00bb4.23.3&#8243; _module_preset=\u00bbdefault\u00bb global_colors_info=\u00bb{}\u00bb][et_pb_text _builder_version=\u00bb4.23.3&#8243; _module_preset=\u00bbdefault\u00bb global_colors_info=\u00bb{}\u00bb]<\/p>\n<h2><strong>SOME OF OUR PROJECTS<\/strong><\/h2>\n<p>[\/et_pb_text][et_pb_gallery gallery_ids=\u00bb234,235,236,237,238,239,240,241,242,243,244,245,246,247,248,249,250,251,252,253,254&#8243; orientation=\u00bbportrait\u00bb show_title_and_caption=\u00bboff\u00bb hover_icon=\u00bb&#x30;||divi||400&#8243; _builder_version=\u00bb4.23.3&#8243; _module_preset=\u00bbdefault\u00bb animation_style=\u00bbfade\u00bb global_colors_info=\u00bb{}\u00bb][\/et_pb_gallery][\/et_pb_column][\/et_pb_row][\/et_pb_section]<\/p>","protected":false},"excerpt":{"rendered":"<p>QUIENES SOMOS: Somos expertos en el revestimiento de residencias con piedras naturales de alta calidad. Con m\u00e1s de 20 a\u00f1os de experiencia, ofrecemos un amplio cat\u00e1logo de m\u00e1rmol, granito, cantera y materiales importados como Caesarstone, silestone y neolith piedra sinterizada. Nuestro equipo altamente especializado garantiza acabados finos y dise\u00f1os personalizados que cumplen con los tiempos [&hellip;]<\/p>","protected":false},"author":1,"featured_media":0,"parent":0,"menu_order":0,"comment_status":"closed","ping_status":"closed","template":"","meta":{"_et_pb_use_builder":"on","_et_pb_old_content":"","_et_gb_content_width":"","footnotes":""},"class_list":["post-190","page","type-page","status-publish","hentry"],"aioseo_notices":[],"_links":{"self":[{"href":"https:\/\/luxurystones.com.mx\/en\/wp-json\/wp\/v2\/pages\/190","targetHints":{"allow":["GET"]}}],"collection":[{"href":"https:\/\/luxurystones.com.mx\/en\/wp-json\/wp\/v2\/pages"}],"about":[{"href":"https:\/\/luxurystones.com.mx\/en\/wp-json\/wp\/v2\/types\/page"}],"author":[{"embeddable":true,"href":"https:\/\/luxurystones.com.mx\/en\/wp-json\/wp\/v2\/users\/1"}],"replies":[{"embeddable":true,"href":"https:\/\/luxurystones.com.mx\/en\/wp-json\/wp\/v2\/comments?post=190"}],"version-history":[{"count":12,"href":"https:\/\/luxurystones.com.mx\/en\/wp-json\/wp\/v2\/pages\/190\/revisions"}],"predecessor-version":[{"id":391,"href":"https:\/\/luxurystones.com.mx\/en\/wp-json\/wp\/v2\/pages\/190\/revisions\/391"}],"wp:attachment":[{"href":"https:\/\/luxurystones.com.mx\/en\/wp-json\/wp\/v2\/media?parent=190"}],"curies":[{"name":"wp","href":"https:\/\/api.w.org\/{rel}","templated":true}]}}